{"id":4137,"date":"2011-03-21T15:35:31","date_gmt":"2011-03-21T14:35:31","guid":{"rendered":"http:\/\/www.jepars.ch\/magazine\/?page_id=4137"},"modified":"2025-11-21T09:37:03","modified_gmt":"2025-11-21T08:37:03","slug":"offres-publi-reportages","status":"publish","type":"page","link":"https:\/\/www.jepars.ch\/magazine\/espace-annonceurs-2\/offres-publi-reportages\/","title":{"rendered":"Offre publi-reportages"},"content":{"rendered":"<h5><strong><span style=\"color: #ff0000;\">Diffusion sur <span style=\"color: #ff0000;\">site Internet <\/span><\/span><\/strong><strong><span style=\"color: #ff0000;\">avec extrait dans<\/span> <span style=\"color: #ff0000;\">newsletter<\/span><\/strong> <strong><span style=\"color: #ff0000;\"> (r\u00e9daction et photos non-compris) <\/span><\/strong><\/h5>\n<h5><strong> <em><span style=\"color: #888888;\"> Publitorial on the website + summary on Newsletters <\/span><\/em><\/strong><span style=\"color: #888888;\"><em><strong><em><strong>(writing and pictures not included)<\/strong><\/em><\/strong><\/em><\/span><\/h5>\n<p>&nbsp;<\/p>\n<h5>&nbsp;NOUVEAUX TARIFS !<\/h5>\n<table border=\"1\" width=\"455\" cellspacing=\"0\" cellpadding=\"0\" bgcolor=\"#eeeeee\">\n<tbody>\n<tr>\n<td style=\"text-align: center;\" width=\"100\"><strong>Dur\u00e9e sur<br \/>\nsite Internet<\/strong><\/td>\n<td style=\"text-align: center;\" width=\"105\"><strong>Extrait dans newsletter<\/strong><\/td>\n<td style=\"text-align: center;\" width=\"125\"><strong>TARIF<br \/>\nCHF*<br \/>\n<\/strong><\/td>\n<td style=\"text-align: center;\" width=\"125\"><strong>Suppl\u00e9ment<br \/>\n&gt;1000 signes<\/strong><\/td>\n<\/tr>\n<tr>\n<td style=\"text-align: center;\" width=\"100\">2 mois<br \/>\n<em><span style=\"color: #888888;\">2 months<\/span><\/em><\/td>\n<td style=\"text-align: center;\" width=\"100\">1 passage<\/td>\n<td style=\"text-align: center;\" width=\"125\"><del>600.-<\/del><br \/>\n<strong>400.-<\/strong><\/td>\n<td style=\"text-align: center;\" width=\"125\"><strong>+ 100.-<\/strong><\/td>\n<\/tr>\n<tr>\n<td style=\"text-align: center;\" width=\"100\">4 mois<br \/>\n<em><span style=\"color: #888888;\">4 months<br \/>\n<\/span><\/em><\/td>\n<td style=\"text-align: center;\" width=\"100\">2 passages<\/td>\n<td style=\"text-align: center;\" width=\"125\"><del>900.-<\/del><br \/>\n<strong>550.-<\/strong><\/td>\n<td style=\"text-align: center;\" width=\"125\"><del>150.-<\/del><br \/>\n<strong>+ 100.-<\/strong><\/td>\n<\/tr>\n<tr>\n<td style=\"text-align: center;\" width=\"100\">6 mois<br \/>\n<em><span style=\"color: #888888;\">6 months<br \/>\n<\/span><\/em><\/td>\n<td style=\"text-align: center;\" width=\"100\">3 passages<\/td>\n<td style=\"text-align: center;\" width=\"125\"><del>1200.-<\/del><br \/>\n<strong>650.-<\/strong><\/td>\n<td style=\"text-align: center;\" width=\"125\"><del>200.-<\/del><br \/>\n<strong>+ 100.-<\/strong><\/td>\n<\/tr>\n<tr>\n<td style=\"text-align: center;\" width=\"100\">12 mois<br \/>\n<em><span style=\"color: #888888;\">12 months<br \/>\n<\/span><\/em><\/td>\n<td style=\"text-align: center;\" width=\"100\">4 passages<\/td>\n<td style=\"text-align: center;\" width=\"125\"><del>1600.-<\/del><br \/>\n<strong>800.-<\/strong><\/td>\n<td style=\"text-align: center;\" width=\"125\"><del>350.-<\/del><br \/>\n<strong>+ 100.-<\/strong><\/td>\n<\/tr>\n<\/tbody>\n<\/table>\n<p><em>* le tarif en euros est au cours du jour<\/em><\/p>\n<h5><strong><span style=\"color: #ff0000;\"><br \/>\nFrais de r\u00e9daction<br \/>\n<\/span><em><span style=\"color: #888888;\"> Writing expenses<\/span><\/em><\/strong><\/h5>\n<table border=\"1\" width=\"455\" cellspacing=\"0\" cellpadding=\"0\" bgcolor=\"#eeeeee\">\n<tbody>\n<tr>\n<td style=\"text-align: center;\"><strong>750 signes<\/strong><\/td>\n<td style=\"text-align: center;\"><strong>1500 signes<\/strong><\/td>\n<td style=\"text-align: center;\"><strong>2500 signes<\/strong><\/td>\n<td style=\"text-align: center;\"><strong>5000 signes<\/strong><\/td>\n<\/tr>\n<tr>\n<td style=\"text-align: center;\">CHF* 80.-<\/td>\n<td style=\"text-align: center;\">CHF *160.-<\/td>\n<td style=\"text-align: center;\">CHF* 300.-<\/td>\n<td style=\"text-align: center;\">CHF* 700.-<\/td>\n<\/tr>\n<\/tbody>\n<\/table>\n<p><em>* le tarif en euros est au cours du jour<\/em><\/p>\n<h5><strong><span style=\"color: #ff0000;\"><br \/>\nFrais photos<\/span><br \/>\n<em><span style=\"color: #888888;\"> Illustration supplement<\/span><\/em><\/strong><\/h5>\n<p>a) Vous fournissez un maximum de 3 photos, pr\u00eates \u00e0 \u00eatre publi\u00e9es (dimensions min. 1024 pixels\/grand c\u00f4t\u00e9)<br \/>\n<em><span style=\"color: #808080;\"> <span style=\"color: #777777;\">If you provide max 3 pictures ready to be published (with a minimum definition of 1024 pixels\/wide side)<\/span><br \/>\n<\/span><\/em><span style=\"color: #ff0000;\"><strong>I<\/strong><strong>nclus<\/strong><\/span><\/p>\n<p>b) Editing : Nous vous proposons notre savoir faire en mati\u00e8re d\u2019editing pour valoriser votre patrimoine photographique ; nous s\u00e9l\u00e9ctionnons parmi vos photos celles qui mettront le plus en valeur votre produit ou destination<br \/>\n<em><span style=\"color: #808080;\"> <span style=\"color: #777777;\">You can benefit of our experience to give higher value of your pictural background. Do not hesitate to submit to us your pictures collection and we shall select for you those able to give greater impact to your text.<\/span><\/span><\/em><br \/>\n<strong><span style=\"color: #ff0000;\"> 50.- CHF*<br \/>\n<\/span><\/strong><\/p>\n<p>c) Banque d\u2019images : Forts de notre exp\u00e9rience en mati\u00e8re d\u2019illustration du voyage, nous fournissons les photos qui attirerons l\u2019attention sur votre destination<br \/>\n<em><span style=\"color: #808080;\"> <span style=\"color: #777777;\">Take profit of our expertise in the travel illustration field. Let us supply you with the adequate pictures to attract more readers to your text.<\/span><\/span><\/em><br \/>\n<strong><span style=\"color: #ff0000;\"> Sur devis<\/span><\/strong><\/p>\n<p>d) Retouches<br \/>\n<em><span style=\"color: #888888;\"> <span style=\"color: #777777;\">Retouching<\/span><\/span><\/em><br \/>\n<strong><span style=\"color: #ff0000;\">100.- CHF*&nbsp;<\/span><\/strong> \/ heure<\/p>\n<p><em>* le tarif en euros est au cours du jour<\/em><\/p>\n","protected":false},"excerpt":{"rendered":"<p>Diffusion sur site Internet avec extrait dans newsletter (r\u00e9daction et photos non-compris) Publitorial on the website + summary on Newsletters (writing and pictures not included) &nbsp; &nbsp;NOUVEAUX TARIFS ! Dur\u00e9e sur site Internet Extrait dans newsletter TARIF CHF* Suppl\u00e9ment &gt;1000 signes 2 mois 2 months 1 passage 600.- 400.- + 100.- 4 mois 4 months [&hellip;]<\/p>\n","protected":false},"author":1,"featured_media":0,"parent":4059,"menu_order":3,"comment_status":"closed","ping_status":"closed","template":"","meta":{"ngg_post_thumbnail":0,"footnotes":""},"class_list":["post-4137","page","type-page","status-publish","hentry"],"wps_subtitle":"","_links":{"self":[{"href":"https:\/\/www.jepars.ch\/magazine\/wp-json\/wp\/v2\/pages\/4137","targetHints":{"allow":["GET"]}}],"collection":[{"href":"https:\/\/www.jepars.ch\/magazine\/wp-json\/wp\/v2\/pages"}],"about":[{"href":"https:\/\/www.jepars.ch\/magazine\/wp-json\/wp\/v2\/types\/page"}],"author":[{"embeddable":true,"href":"https:\/\/www.jepars.ch\/magazine\/wp-json\/wp\/v2\/users\/1"}],"replies":[{"embeddable":true,"href":"https:\/\/www.jepars.ch\/magazine\/wp-json\/wp\/v2\/comments?post=4137"}],"version-history":[{"count":50,"href":"https:\/\/www.jepars.ch\/magazine\/wp-json\/wp\/v2\/pages\/4137\/revisions"}],"predecessor-version":[{"id":21875,"href":"https:\/\/www.jepars.ch\/magazine\/wp-json\/wp\/v2\/pages\/4137\/revisions\/21875"}],"up":[{"embeddable":true,"href":"https:\/\/www.jepars.ch\/magazine\/wp-json\/wp\/v2\/pages\/4059"}],"wp:attachment":[{"href":"https:\/\/www.jepars.ch\/magazine\/wp-json\/wp\/v2\/media?parent=4137"}],"curies":[{"name":"wp","href":"https:\/\/api.w.org\/{rel}","templated":true}]}}