{"id":226,"date":"2011-01-10T21:15:08","date_gmt":"2011-01-10T21:15:08","guid":{"rendered":"http:\/\/www.jepars.ch\/wordpress\/?page_id=226"},"modified":"2020-06-19T17:32:51","modified_gmt":"2020-06-19T16:32:51","slug":"la-librairie","status":"publish","type":"page","link":"https:\/\/www.jepars.ch\/magazine\/la-librairie\/","title":{"rendered":"La librairie"},"content":{"rendered":"<h3>Editions Gefic-Presse<\/h3>\n<p>Une collection de livres pratiques et d\u2019anecdotes sur la\u00a0sc\u00e8ne du grand th\u00e9\u00e2tre du voyage.<em><br \/>\n<\/em><\/p>\n<p><img loading=\"lazy\" decoding=\"async\" class=\"alignleft\" style=\"margin-top: 25px;\" title=\"Savoir Partir Tome 1\" src=\"http:\/\/www.jepars.ch\/magazine\/wp-content\/uploads\/2011\/01\/SavoirPartirTome1.jpg\" alt=\"Savoir Partir Tome 1\" width=\"100\" height=\"156\" \/><\/p>\n<h4>Savoir partir (tome I)<\/h4>\n<p style=\"text-align: left;\">Avec ses 45 ans d\u2019exp\u00e9rience dans\u00a0le domaine professionnel du tourisme et des vacances, G\u00e9rard Blanc a diss\u00e9qu\u00e9\u00a0une grande\u00a0partie des cas de figures relatifs au d\u00e9roulement d\u2019un voyage dans\u00a0Savoir partir.<\/p>\n<p style=\"text-align: left;\"><em>Le vade-mecum du voyage \u2013 du choix\u00a0de la destination au jour du d\u00e9part,\u00a02009\/2010.<\/em><br \/>\nG\u00e9rard Blanc.\u00a0Lausanne:\u00a0Gefic-Presse. Prix : CHF 30.-<\/p>\n<p><img loading=\"lazy\" decoding=\"async\" class=\"alignleft\" style=\"margin-top: 25px;\" title=\"Savoir Partir Tome 2\" src=\"http:\/\/www.jepars.ch\/magazine\/wp-content\/uploads\/2011\/01\/COVER_SAVOIR-PARTIR_TOME_II.jpg\" alt=\"Savoir Partir Tome 2\" width=\"100\" height=\"156\" \/><\/p>\n<h4>Savoir partir (tome II)<\/h4>\n<p style=\"text-align: left;\">Avec ses 45 ans d\u2019exp\u00e9rience dans\u00a0le domaine professionnel du tourisme et des vacances, G\u00e9rard Blanc a diss\u00e9qu\u00e9\u00a0une grande\u00a0partie des cas de figures relatifs au d\u00e9roulement d\u2019un voyage dans\u00a0Savoir partir.<\/p>\n<p style=\"text-align: left;\"><em>Arriv\u00e9e sur place \u2013 Le s\u00e9jour, le circuit \u2013 Pr\u00e9parer le retour \u2013 Le retour, les souvenirs, les r\u00e9clamations, 2010.<\/em><br \/>\nG\u00e9rard\u00a0Blanc. Lausanne: Gefic-Presse. Prix : CHF 30.-<\/p>\n<p><img loading=\"lazy\" decoding=\"async\" class=\"alignleft\" style=\"margin-top: 25px;\" title=\"Touristes Si Vous Saviez Tome1\" src=\"http:\/\/www.jepars.ch\/magazine\/wp-content\/uploads\/2011\/01\/TouristesSiVousSaviezTome1.jpg\" alt=\"Touristes Si Vous Saviez Tome1\" width=\"100\" height=\"156\" \/><\/p>\n<h4>Touristes,\u00a0si vous saviez&#8230;<\/h4>\n<p style=\"text-align: left;\">Un agent de\u00a0voyage traversant une fronti\u00e8re avec un mort assis sur le si\u00e8ge passager de sa\u00a0voiture; un autre risquant de se faire\u00a0lyncher; l&#8217;a\u00e9roport de Gen\u00e8ve au premier\u00a0janvier 2000 ou le jour de l&#8217;attentat du 11 septembre; le\u00a0monde des agents de voyages au\u00a0cours des ann\u00e9es soixante; la m\u00e9moire de Jack\u00a0Bolli, d\u00e9funt pr\u00e9sident de Kuoni; \u2026 voil\u00e0 mille et une histoires qui ouvrent le\u00a0rideau\u00a0sur les coulisses du m\u00e9tier des professionnels du tourisme. Inattendus,\u00a0parfois truculents, ces r\u00e9cits v\u00e9cus vous feront aussi prendre\u00a0conscience de\u00a0l&#8217;\u00e9volution du quotidien des professionnels du tourisme en cinquante ans\u00a0d&#8217;existence.<\/p>\n<p style=\"text-align: left;\"><em>Un recueil d&#8217;anecdotes croustillantes des\u00a0professionnels du voyage vous d\u00e9voilant les coulisses de ce\u00a0m\u00e9tier loin de tout\u00a0repos, 2010.<\/em><br \/>\nG\u00e9rard Blanc.\u00a0Lausanne:\u00a0Gefic-Presse. Prix : CHF 30.-<\/p>\n<h3 style=\"padding-left: 120px;\"><em><span style=\"color: #ff0000;\">A\u00a0para\u00eetre :<\/span><\/em><\/h3>\n<p style=\"padding-left: 120px;\"><em><strong>Touristes, si vous saviez \u2026, tome II : <\/strong><br \/>\n<\/em><span style=\"font-weight: normal;\">\u00ab Ils racontent\u00a0encore ! \u00bb<\/span><\/p>\n<h3>Editions Georg, Collection Nomade<\/h3>\n<p style=\"text-align: left;\">Pour\u00a0ceux qui aimeraient vivre ailleurs, quelques mois, quelques ann\u00e9es ou\u00a0d\u00e9finitivement. Tout ce qu&#8217;il fait savoir pour s&#8217;installer dans un\u00a0nouveau\u00a0pays: les d\u00e9marcher administratives, les habitudes, ce qu&#8217;il faut faire ou ne\u00a0pas faire.<\/p>\n<h4>J&#8217;aimerais aller\u00a0vivre en Grande-Bretagne,\u00a02005<\/h4>\n<h4><img loading=\"lazy\" decoding=\"async\" class=\"alignnone\" title=\"Jaimerais Aller Vivre En Grande-Bretagne\" src=\"http:\/\/www.jepars.ch\/magazine\/wp-content\/uploads\/2011\/01\/JaimeraisAllerVivreEnGrande-Bretagne+.jpg\" alt=\"Jaimerais Aller Vivre En Grande-Bretagne\" width=\"101\" height=\"158\" \/><\/h4>\n<p>G\u00e9rard Blanc,\u00a0collection\u00a0Nomade.\u00a0Gen\u00e8ve: Georg.\u00a0\u00a0Prix : CHF 34.-<\/p>\n<p>&nbsp;<\/p>\n<h2><span style=\"color: #ff0000;\">Passer une commande<\/span><\/h2>\n<h4>Je souhaiterais commander:<\/h4>\n\n<div class=\"wpcf7 no-js\" id=\"wpcf7-f11339-o1\" lang=\"\" dir=\"ltr\" data-wpcf7-id=\"11339\">\n<div class=\"screen-reader-response\"><p role=\"status\" aria-live=\"polite\" aria-atomic=\"true\"><\/p> <ul><\/ul><\/div>\n<form action=\"\/magazine\/wp-json\/wp\/v2\/pages\/226#wpcf7-f11339-o1\" method=\"post\" class=\"wpcf7-form init\" aria-label=\"Formulaire de contact\" novalidate=\"novalidate\" data-status=\"init\">\n<div style=\"display: none;\">\n<input type=\"hidden\" name=\"_wpcf7\" value=\"11339\" \/>\n<input type=\"hidden\" name=\"_wpcf7_version\" value=\"6.0.5\" \/>\n<input type=\"hidden\" name=\"_wpcf7_locale\" value=\"\" \/>\n<input type=\"hidden\" name=\"_wpcf7_unit_tag\" value=\"wpcf7-f11339-o1\" \/>\n<input type=\"hidden\" name=\"_wpcf7_container_post\" value=\"0\" \/>\n<input type=\"hidden\" name=\"_wpcf7_posted_data_hash\" value=\"\" \/>\n<\/div>\n<p><strong>Au Editions Gefic-Presse<\/strong>\n<\/p>\n<p><span class=\"wpcf7-form-control-wrap\" data-name=\"partirI\"><span class=\"wpcf7-form-control wpcf7-checkbox\"><span class=\"wpcf7-list-item first last\"><input type=\"checkbox\" name=\"partirI[]\" value=\"Savoir partir (tome I) - CHF 30.-\" \/><span class=\"wpcf7-list-item-label\">Savoir partir (tome I) - CHF 30.-<\/span><\/span><\/span><\/span><br \/>\n<span class=\"wpcf7-form-control-wrap\" data-name=\"partirII\"><span class=\"wpcf7-form-control wpcf7-checkbox\"><span class=\"wpcf7-list-item first last\"><input type=\"checkbox\" name=\"partirII[]\" value=\"Savoir partir (tome II) - CHF 30.-\" \/><span class=\"wpcf7-list-item-label\">Savoir partir (tome II) - CHF 30.-<\/span><\/span><\/span><\/span><br \/>\n<span class=\"wpcf7-form-control-wrap\" data-name=\"touristeI\"><span class=\"wpcf7-form-control wpcf7-checkbox\"><span class=\"wpcf7-list-item first last\"><input type=\"checkbox\" name=\"touristeI[]\" value=\"Touristes, si vous saviez... - CHF 30.-\" \/><span class=\"wpcf7-list-item-label\">Touristes, si vous saviez... - CHF 30.-<\/span><\/span><\/span><\/span><br \/>\n<strong><em>Offres sp\u00e9ciales:<\/em><\/strong><br \/>\n<span class=\"wpcf7-form-control-wrap\" data-name=\"offrespe_1\"><span class=\"wpcf7-form-control wpcf7-checkbox\"><span class=\"wpcf7-list-item first last\"><input type=\"checkbox\" name=\"offrespe_1[]\" value=\"Savoir partir tome I et II: CHF 56.-\" \/><span class=\"wpcf7-list-item-label\">Savoir partir tome I et II: CHF 56.-<\/span><\/span><\/span><\/span><br \/>\n<span class=\"wpcf7-form-control-wrap\" data-name=\"offrespe_2\"><span class=\"wpcf7-form-control wpcf7-checkbox\"><span class=\"wpcf7-list-item first last\"><input type=\"checkbox\" name=\"offrespe_2[]\" value=\"Savoir partir tome I et II + Touristes, si vous saviez ...:  CHF 78.-\" \/><span class=\"wpcf7-list-item-label\">Savoir partir tome I et II + Touristes, si vous saviez ...:  CHF 78.-<\/span><\/span><\/span><\/span>\n<\/p>\n<p><strong>Au Editions Editions Georg, Collection Nomade<\/strong>\n<\/p>\n<p><span class=\"wpcf7-form-control-wrap\" data-name=\"angleterre\"><span class=\"wpcf7-form-control wpcf7-checkbox\"><span class=\"wpcf7-list-item first last\"><input type=\"checkbox\" name=\"angleterre[]\" value=\"J&#039;aimerais aller vivre en Grande-Bretagne CHF 34.-\" \/><span class=\"wpcf7-list-item-label\">J&#039;aimerais aller vivre en Grande-Bretagne CHF 34.-<\/span><\/span><\/span><\/span>\n<\/p>\n<p>+ frais de port + TVA*<br \/>\n<em>* TVA d\u00e9duite pour facturation hors de Suisse<\/em>\n<\/p>\n<p><strong> Si vous d\u00e9sirez plusieurs exemplaires d'un ouvrage, merci de nous l'indiquer ci dessous <strong><br \/>\n<span class=\"wpcf7-form-control-wrap\" data-name=\"commentaire\"><textarea cols=\"40\" rows=\"10\" maxlength=\"2000\" class=\"wpcf7-form-control wpcf7-textarea\" aria-invalid=\"false\" name=\"commentaire\"><\/textarea><\/span><\/strong><\/strong>\n<\/p>\n<h4> Vos coordonn\u00e9es facturation\/livraison\n<\/h4>\n<p>(Merci de bien remplir tous les champs)\n<\/p>\n<p><span class=\"wpcf7-form-control-wrap\" data-name=\"your-name\"><input size=\"40\" maxlength=\"400\" class=\"wpcf7-form-control wpcf7-text wpcf7-validates-as-required\" aria-required=\"true\" aria-invalid=\"false\" placeholder=\"Nom\" value=\"\" type=\"text\" name=\"your-name\" \/><\/span><br \/>\n<span class=\"wpcf7-form-control-wrap\" data-name=\"prenom\"><input size=\"40\" maxlength=\"400\" class=\"wpcf7-form-control wpcf7-text wpcf7-validates-as-required\" aria-required=\"true\" aria-invalid=\"false\" placeholder=\"Pr\u00e9nom\" value=\"\" type=\"text\" name=\"prenom\" \/><\/span><br \/>\n<span class=\"wpcf7-form-control-wrap\" data-name=\"your-email\"><input size=\"40\" maxlength=\"400\" class=\"wpcf7-form-control wpcf7-email wpcf7-validates-as-required wpcf7-text wpcf7-validates-as-email\" aria-required=\"true\" aria-invalid=\"false\" placeholder=\"Votre email\" value=\"\" type=\"email\" name=\"your-email\" \/><\/span><br \/>\n<span class=\"wpcf7-form-control-wrap\" data-name=\"text-943\"><input size=\"40\" maxlength=\"400\" class=\"wpcf7-form-control wpcf7-text wpcf7-validates-as-required\" aria-required=\"true\" aria-invalid=\"false\" placeholder=\"Adresse\" value=\"\" type=\"text\" name=\"text-943\" \/><\/span><br \/>\n<span class=\"wpcf7-form-control-wrap\" data-name=\"text-820\"><input size=\"40\" maxlength=\"400\" class=\"wpcf7-form-control wpcf7-text wpcf7-validates-as-required\" aria-required=\"true\" aria-invalid=\"false\" placeholder=\"Code postal\" value=\"\" type=\"text\" name=\"text-820\" \/><\/span><br \/>\n<span class=\"wpcf7-form-control-wrap\" data-name=\"text-681\"><input size=\"40\" maxlength=\"400\" class=\"wpcf7-form-control wpcf7-text wpcf7-validates-as-required\" aria-required=\"true\" aria-invalid=\"false\" placeholder=\"Ville\" value=\"\" type=\"text\" name=\"text-681\" \/><\/span><br \/>\n<span class=\"wpcf7-form-control-wrap\" data-name=\"text-366\"><input size=\"40\" maxlength=\"400\" class=\"wpcf7-form-control wpcf7-text wpcf7-validates-as-required\" aria-required=\"true\" aria-invalid=\"false\" placeholder=\"Pays\" value=\"\" type=\"text\" name=\"text-366\" \/><\/span>\n<\/p>\n<p><input class=\"wpcf7-form-control wpcf7-submit has-spinner\" type=\"submit\" value=\"Envoyer ma commande\" \/>\n<\/p><p style=\"display: none !important;\" class=\"akismet-fields-container\" data-prefix=\"_wpcf7_ak_\"><label>&#916;<textarea name=\"_wpcf7_ak_hp_textarea\" cols=\"45\" rows=\"8\" maxlength=\"100\"><\/textarea><\/label><input type=\"hidden\" id=\"ak_js_1\" name=\"_wpcf7_ak_js\" value=\"205\"\/><script>document.getElementById( \"ak_js_1\" ).setAttribute( \"value\", ( new Date() ).getTime() );<\/script><\/p><div class=\"wpcf7-response-output\" aria-hidden=\"true\"><\/div>\n<\/form>\n<\/div>\n\n","protected":false},"excerpt":{"rendered":"<p>Editions Gefic-Presse Une collection de livres pratiques et d\u2019anecdotes sur la\u00a0sc\u00e8ne du grand th\u00e9\u00e2tre du voyage. Savoir partir (tome I) Avec ses 45 ans d\u2019exp\u00e9rience dans\u00a0le domaine professionnel du tourisme et des vacances, G\u00e9rard Blanc a diss\u00e9qu\u00e9\u00a0une grande\u00a0partie des cas de figures relatifs au d\u00e9roulement d\u2019un voyage dans\u00a0Savoir partir. Le vade-mecum du voyage \u2013 du [&hellip;]<\/p>\n","protected":false},"author":3,"featured_media":0,"parent":0,"menu_order":0,"comment_status":"closed","ping_status":"closed","template":"","meta":{"ngg_post_thumbnail":0,"footnotes":""},"class_list":["post-226","page","type-page","status-publish","hentry"],"wps_subtitle":"","_links":{"self":[{"href":"https:\/\/www.jepars.ch\/magazine\/wp-json\/wp\/v2\/pages\/226","targetHints":{"allow":["GET"]}}],"collection":[{"href":"https:\/\/www.jepars.ch\/magazine\/wp-json\/wp\/v2\/pages"}],"about":[{"href":"https:\/\/www.jepars.ch\/magazine\/wp-json\/wp\/v2\/types\/page"}],"author":[{"embeddable":true,"href":"https:\/\/www.jepars.ch\/magazine\/wp-json\/wp\/v2\/users\/3"}],"replies":[{"embeddable":true,"href":"https:\/\/www.jepars.ch\/magazine\/wp-json\/wp\/v2\/comments?post=226"}],"version-history":[{"count":61,"href":"https:\/\/www.jepars.ch\/magazine\/wp-json\/wp\/v2\/pages\/226\/revisions"}],"predecessor-version":[{"id":18515,"href":"https:\/\/www.jepars.ch\/magazine\/wp-json\/wp\/v2\/pages\/226\/revisions\/18515"}],"wp:attachment":[{"href":"https:\/\/www.jepars.ch\/magazine\/wp-json\/wp\/v2\/media?parent=226"}],"curies":[{"name":"wp","href":"https:\/\/api.w.org\/{rel}","templated":true}]}}