{"id":18,"date":"2011-01-03T18:19:07","date_gmt":"2011-01-03T18:19:07","guid":{"rendered":"http:\/\/localhost:8888\/wordpress\/?page_id=18"},"modified":"2022-10-08T22:41:31","modified_gmt":"2022-10-08T21:41:31","slug":"contacts","status":"publish","type":"page","link":"https:\/\/www.jepars.ch\/magazine\/contacts\/","title":{"rendered":"Contactez-nous"},"content":{"rendered":"<p>&nbsp;<br \/>\n<strong>G\u00c9RARD BLANC<br \/>\n<em>\u00c9v\u00e9nements, presse et communication<\/em><\/strong><br \/>\nChemin de Montremoen 33<br \/>\nCH 1023 Crissier<br \/>\nT\u00e9l. +41 (0) 21 634 86 86<\/p>\n<p><strong>Vous souhaitez \u00e9crire \u00e0 la r\u00e9daction\u00a0:<\/strong><\/p>\n<p><strong><a href=\"mailto:gefic@bluewin.ch\">gefic@bluewin.ch<\/a><\/strong><\/p>\n<p><strong><br \/>\n<\/strong><\/p>\n","protected":false},"excerpt":{"rendered":"<p>&nbsp; G\u00c9RARD BLANC \u00c9v\u00e9nements, presse et communication Chemin de Montremoen 33 CH 1023 Crissier T\u00e9l. +41 (0) 21 634 86 86 Vous souhaitez \u00e9crire \u00e0 la r\u00e9daction\u00a0: gefic@bluewin.ch<\/p>\n","protected":false},"author":1,"featured_media":0,"parent":0,"menu_order":2,"comment_status":"closed","ping_status":"closed","template":"","meta":{"ngg_post_thumbnail":0,"footnotes":""},"class_list":["post-18","page","type-page","status-publish","hentry"],"wps_subtitle":"","_links":{"self":[{"href":"https:\/\/www.jepars.ch\/magazine\/wp-json\/wp\/v2\/pages\/18","targetHints":{"allow":["GET"]}}],"collection":[{"href":"https:\/\/www.jepars.ch\/magazine\/wp-json\/wp\/v2\/pages"}],"about":[{"href":"https:\/\/www.jepars.ch\/magazine\/wp-json\/wp\/v2\/types\/page"}],"author":[{"embeddable":true,"href":"https:\/\/www.jepars.ch\/magazine\/wp-json\/wp\/v2\/users\/1"}],"replies":[{"embeddable":true,"href":"https:\/\/www.jepars.ch\/magazine\/wp-json\/wp\/v2\/comments?post=18"}],"version-history":[{"count":18,"href":"https:\/\/www.jepars.ch\/magazine\/wp-json\/wp\/v2\/pages\/18\/revisions"}],"predecessor-version":[{"id":19761,"href":"https:\/\/www.jepars.ch\/magazine\/wp-json\/wp\/v2\/pages\/18\/revisions\/19761"}],"wp:attachment":[{"href":"https:\/\/www.jepars.ch\/magazine\/wp-json\/wp\/v2\/media?parent=18"}],"curies":[{"name":"wp","href":"https:\/\/api.w.org\/{rel}","templated":true}]}}