{"id":15420,"date":"2017-11-15T13:31:37","date_gmt":"2017-11-15T12:31:37","guid":{"rendered":"http:\/\/www.jepars.ch\/magazine\/?page_id=15420"},"modified":"2025-11-01T12:40:32","modified_gmt":"2025-11-01T11:40:32","slug":"a-propos","status":"publish","type":"page","link":"https:\/\/www.jepars.ch\/magazine\/a-propos\/","title":{"rendered":"\u00c0 propos"},"content":{"rendered":"<p><a href=\"http:\/\/www.jepars.ch\/magazine\/wp-content\/uploads\/2017\/11\/GBlanc_IMG_5523.jpg\"><img loading=\"lazy\" decoding=\"async\" class=\"alignright wp-image-15922\" style=\"margin: 3px -10px -10px 20px;\" src=\"http:\/\/www.jepars.ch\/magazine\/wp-content\/uploads\/2017\/11\/GBlanc_IMG_5523-455x682.jpg\" alt=\"GBlanc_IMG_5523\" width=\"185\" height=\"277\" srcset=\"https:\/\/www.jepars.ch\/magazine\/wp-content\/uploads\/2017\/11\/GBlanc_IMG_5523-455x682.jpg 455w, https:\/\/www.jepars.ch\/magazine\/wp-content\/uploads\/2017\/11\/GBlanc_IMG_5523.jpg 683w\" sizes=\"auto, (max-width: 185px) 100vw, 185px\" \/><\/a>Expert passionn\u00e9 dans le domaine des voyages et des vacances, <strong>G\u00e9rard Blanc<\/strong> a exerc\u00e9 de nombreux &nbsp;m\u00e9tiers li\u00e9s au tourisme :<\/p>\n<p><strong>Tour operating \/agence de voyage&nbsp;<\/strong><br \/>\nChef d\u2019agence de voyages \u00e0 Paris (Voyages Chaumont) et \u00e0 Lausanne (Louisrama), voyagiste pour les destinations de l\u2019Irlande, l\u2019Ecosse et la Corse.<\/p>\n<p><strong>Compagnies a\u00e9riennes<\/strong><br \/>\nAgent commercial chez Air France, puis directeur commercial de Pan American World Airways (Pan Am) pour la Suisse romande et le Tessin.<\/p>\n<p><strong>Foires et s\u00e9minaires<\/strong><br \/>\nIl a organis\u00e9 le Salon des vacances <em>Envol<\/em> \u00e0 l\u2019a\u00e9roport de Gen\u00e8ve pendant plusieurs ann\u00e9es ainsi que des s\u00e9minaires pour agences de voyages Envol Asie, Viva America et Envol&nbsp; Afrique-Orient.<\/p>\n<p><strong>Enseignement<\/strong><br \/>\nIl a enseign\u00e9 le marketing touristique dans plusieurs \u00e9coles de tourisme de Suisse romande.<\/p>\n<p><strong>Journalisme<\/strong><br \/>\nFort de toute l&#8217;exp\u00e9rience acquise, G\u00e9rard Blanc d\u00e9cide de la transmettre et de d\u00e9velopper ses sujets pr\u00e9dilection, d\u2019abord au travers de plusieurs titres de la presse professionnelle du tourisme (Echo touristique, H\u00f4tel Revue, Travel Express, Travel Trader\u2019s News, Travel Inside), puis du grand public (Echo Magazine, Bonne Nouvelle, G\u00e9n\u00e9rations, Context, Femina, Newland, Le Matin, Le Matin-Dimanche, etc.).<\/p>\n<p><strong>Le magazine <\/strong><em><strong>Je pars\u2026 <\/strong><\/em><br \/>\nG\u00e9rard Blanc passe \u00e0 la vitesse sup\u00e9rieure en cr\u00e9ant en 2005 un magazine sp\u00e9cialis\u00e9, afin de transmettre \u00e0 ses lecteurs sa passion du voyage et partager ses impressions sur plus de 80 pays visit\u00e9s. Tir\u00e9 \u00e0 40\u2019000 exemplaires, le magazine quadri-annuel a \u00e9t\u00e9 distribu\u00e9 \u00e0 l\u2019a\u00e9roport de Gen\u00e8ve et dans toute la Suisse romande jusqu&#8217;en 2017.<\/p>\n<p><strong>jepars.ch | le e-magazine francophone des voyages<\/strong><br \/>\nL\u2019extension du magazine sur Internet en 2011 permet de le rendre accessible \u00e0 un plus grand auditoire avec davantage d\u2019articles pratiques et de nouvelles destinations, ainsi que la publication r\u00e9guli\u00e8re des nouvelles sur l\u2019actualit\u00e9 des voyages (Br\u00e8ves). Il affiche aujourd\u2019hui plus de 1000 articles au compteur, et compte bien ne pas en rester l\u00e0&nbsp;!<\/p>\n<p><strong>La newsletter<\/strong><br \/>\nParue pour la premi\u00e8re fois en mars 2011, la newsletter mensuelle propose une bulle d\u2019information \u00e0 domicile comprenant 4 \u00e0 5 articles de fond sur le voyage et des br\u00e8ves sur l\u2019actualit\u00e9 du tourisme.<\/p>\n<address><em>Photo \u00a9 Isabelle Blanc<\/em><\/address>\n","protected":false},"excerpt":{"rendered":"<p>Expert passionn\u00e9 dans le domaine des voyages et des vacances, G\u00e9rard Blanc a exerc\u00e9 de nombreux &nbsp;m\u00e9tiers li\u00e9s au tourisme : Tour operating \/agence de voyage&nbsp; Chef d\u2019agence de voyages \u00e0 Paris (Voyages Chaumont) et \u00e0 Lausanne (Louisrama), voyagiste pour les destinations de l\u2019Irlande, l\u2019Ecosse et la Corse. Compagnies a\u00e9riennes Agent commercial chez Air France, [&hellip;]<\/p>\n","protected":false},"author":2,"featured_media":0,"parent":0,"menu_order":0,"comment_status":"open","ping_status":"closed","template":"","meta":{"ngg_post_thumbnail":0,"footnotes":""},"class_list":["post-15420","page","type-page","status-publish","hentry"],"wps_subtitle":"","_links":{"self":[{"href":"https:\/\/www.jepars.ch\/magazine\/wp-json\/wp\/v2\/pages\/15420","targetHints":{"allow":["GET"]}}],"collection":[{"href":"https:\/\/www.jepars.ch\/magazine\/wp-json\/wp\/v2\/pages"}],"about":[{"href":"https:\/\/www.jepars.ch\/magazine\/wp-json\/wp\/v2\/types\/page"}],"author":[{"embeddable":true,"href":"https:\/\/www.jepars.ch\/magazine\/wp-json\/wp\/v2\/users\/2"}],"replies":[{"embeddable":true,"href":"https:\/\/www.jepars.ch\/magazine\/wp-json\/wp\/v2\/comments?post=15420"}],"version-history":[{"count":19,"href":"https:\/\/www.jepars.ch\/magazine\/wp-json\/wp\/v2\/pages\/15420\/revisions"}],"predecessor-version":[{"id":21859,"href":"https:\/\/www.jepars.ch\/magazine\/wp-json\/wp\/v2\/pages\/15420\/revisions\/21859"}],"wp:attachment":[{"href":"https:\/\/www.jepars.ch\/magazine\/wp-json\/wp\/v2\/media?parent=15420"}],"curies":[{"name":"wp","href":"https:\/\/api.w.org\/{rel}","templated":true}]}}